{"id":2067,"date":"2025-06-02T16:29:29","date_gmt":"2025-06-02T15:29:29","guid":{"rendered":"https:\/\/hotel-belle-aude.axeinternet.dev\/restaurant\/"},"modified":"2025-06-11T14:44:00","modified_gmt":"2025-06-11T13:44:00","slug":"restaurant","status":"publish","type":"page","link":"https:\/\/hotel-la-belle-aude.com\/en\/restaurant\/","title":{"rendered":"Restaurant"},"content":{"rendered":"<p>[et_pb_section fb_built=&#8221;1&#8243; _builder_version=&#8221;4.27.4&#8243; _module_preset=&#8221;default&#8221; global_colors_info=&#8221;{}&#8221;][et_pb_row _builder_version=&#8221;4.27.4&#8243; _module_preset=&#8221;default&#8221; width_tablet=&#8221;90%&#8221; width_phone=&#8221;90%&#8221; width_last_edited=&#8221;on|tablet&#8221; global_colors_info=&#8221;{}&#8221;][et_pb_column type=&#8221;4_4&#8243; _builder_version=&#8221;4.27.4&#8243; _module_preset=&#8221;default&#8221; global_colors_info=&#8221;{}&#8221;][et_pb_text admin_label=&#8221;Venez d\u00e9guster les sp\u00e9cialit\u00e9s catalanes au restaurant La Belle Aude.&#8221; _builder_version=&#8221;4.27.4&#8243; _module_preset=&#8221;default&#8221; custom_margin=&#8221;||20px||false|false&#8221; global_colors_info=&#8221;{}&#8221;]Come and enjoy Catalan specialties at the La Belle Aude restaurant.[\/et_pb_text][et_pb_heading title=&#8221;A gourmet stay in all seasons.&#8221; admin_label=&#8221;Un s\u00e9jour gourmand en toutes saisons.&#8221; _builder_version=&#8221;4.27.4&#8243; _module_preset=&#8221;default&#8221; title_level=&#8221;h3&#8243; title_font=&#8221;|600|||||||&#8221; title_font_size=&#8221;18px&#8221; custom_margin=&#8221;||0px||false|false&#8221; global_colors_info=&#8221;{}&#8221;][\/et_pb_heading][et_pb_text admin_label=&#8221;C&#8217;est par un verre de muscat&#8230;&#8221; _builder_version=&#8221;4.27.4&#8243; _module_preset=&#8221;default&#8221; custom_margin=&#8221;||20px||false|false&#8221; global_colors_info=&#8221;{}&#8221;]It is with a glass of Muscat, accompanied by a platter of Catalan charcuterie, that you will be welcomed&#8230;[\/et_pb_text][et_pb_text admin_label=&#8221;Nous vous proposons de&#8230;&#8221; _builder_version=&#8221;4.27.4&#8243; _module_preset=&#8221;default&#8221; custom_margin=&#8221;||20px||false|false&#8221; global_colors_info=&#8221;{}&#8221;]We invite you to come and taste Catalan specialties as well as wood-fired grills&#8230;[\/et_pb_text][et_pb_text admin_label=&#8221;La r\u00e9servation est conseill\u00e9e !&#8221; _builder_version=&#8221;4.27.4&#8243; _module_preset=&#8221;default&#8221; custom_margin=&#8221;||20px||false|false&#8221; global_colors_info=&#8221;{}&#8221;]Reservation is recommended! The table at La Belle Aude is a place of conviviality known for its renowned cuisine.[\/et_pb_text][\/et_pb_column][\/et_pb_row][et_pb_row column_structure=&#8221;1_3,1_3,1_3&#8243; admin_label=&#8221;Galerie photos&#8221; _builder_version=&#8221;4.27.4&#8243; _module_preset=&#8221;default&#8221; width_tablet=&#8221;90%&#8221; width_phone=&#8221;90%&#8221; width_last_edited=&#8221;on|tablet&#8221; global_colors_info=&#8221;{}&#8221;][et_pb_column type=&#8221;1_3&#8243; _builder_version=&#8221;4.27.4&#8243; _module_preset=&#8221;default&#8221; animation_style=&#8221;slide&#8221; animation_direction=&#8221;left&#8221; global_colors_info=&#8221;{}&#8221;][et_pb_image src=&#8221;https:\/\/hotel-la-belle-aude.com\/wp-content\/uploads\/2025\/06\/3hotel-la-belle-aude2.jpg&#8221; alt=&#8221;restaurant-la-belle-aude2&#8243; title_text=&#8221;restaurant-la-belle-aude2&#8243; align_tablet=&#8221;center&#8221; align_phone=&#8221;center&#8221; align_last_edited=&#8221;on|tablet&#8221; _builder_version=&#8221;4.27.4&#8243; _module_preset=&#8221;default&#8221; border_width_all=&#8221;2px&#8221; border_color_all=&#8221;#ededed&#8221; box_shadow_style=&#8221;preset1&#8243; box_shadow_vertical=&#8221;0px&#8221; box_shadow_blur=&#8221;14px&#8221; box_shadow_spread=&#8221;-5px&#8221; box_shadow_color=&#8221;rgba(0,0,0,0.21)&#8221; global_colors_info=&#8221;{}&#8221;][\/et_pb_image][\/et_pb_column][et_pb_column type=&#8221;1_3&#8243; _builder_version=&#8221;4.27.4&#8243; _module_preset=&#8221;default&#8221; global_colors_info=&#8221;{}&#8221;][et_pb_image src=&#8221;https:\/\/hotel-la-belle-aude.com\/wp-content\/uploads\/2025\/06\/hotel-la-belle-aude-2.jpg&#8221; alt=&#8221;restaurant-la-belle-aude-2&#8243; title_text=&#8221;restaurant-la-belle-aude-2&#8243; align_tablet=&#8221;center&#8221; align_phone=&#8221;center&#8221; align_last_edited=&#8221;on|tablet&#8221; _builder_version=&#8221;4.27.4&#8243; _module_preset=&#8221;default&#8221; border_width_all=&#8221;2px&#8221; border_color_all=&#8221;#ededed&#8221; box_shadow_style=&#8221;preset1&#8243; box_shadow_vertical=&#8221;0px&#8221; box_shadow_blur=&#8221;14px&#8221; box_shadow_spread=&#8221;-5px&#8221; box_shadow_color=&#8221;rgba(0,0,0,0.21)&#8221; global_colors_info=&#8221;{}&#8221;][\/et_pb_image][\/et_pb_column][et_pb_column type=&#8221;1_3&#8243; _builder_version=&#8221;4.27.4&#8243; _module_preset=&#8221;default&#8221; animation_style=&#8221;slide&#8221; animation_direction=&#8221;right&#8221; global_colors_info=&#8221;{}&#8221;][et_pb_image src=&#8221;https:\/\/hotel-la-belle-aude.com\/wp-content\/uploads\/2025\/06\/hotel-la-belle-aude-7.jpg&#8221; alt=&#8221;restaurant-la-belle-aude-7&#8243; title_text=&#8221;restaurant-la-belle-aude-7&#8243; align_tablet=&#8221;center&#8221; align_phone=&#8221;center&#8221; align_last_edited=&#8221;on|tablet&#8221; _builder_version=&#8221;4.27.4&#8243; _module_preset=&#8221;default&#8221; border_width_all=&#8221;2px&#8221; border_color_all=&#8221;#ededed&#8221; box_shadow_style=&#8221;preset1&#8243; box_shadow_vertical=&#8221;0px&#8221; box_shadow_blur=&#8221;14px&#8221; box_shadow_spread=&#8221;-5px&#8221; box_shadow_color=&#8221;rgba(0,0,0,0.21)&#8221; global_colors_info=&#8221;{}&#8221;][\/et_pb_image][\/et_pb_column][\/et_pb_row][et_pb_row column_structure=&#8221;1_3,1_3,1_3&#8243; admin_label=&#8221;Galerie photos&#8221; _builder_version=&#8221;4.27.4&#8243; _module_preset=&#8221;default&#8221; width_tablet=&#8221;90%&#8221; width_phone=&#8221;90%&#8221; width_last_edited=&#8221;on|tablet&#8221; global_colors_info=&#8221;{}&#8221;][et_pb_column type=&#8221;1_3&#8243; _builder_version=&#8221;4.27.4&#8243; _module_preset=&#8221;default&#8221; animation_style=&#8221;slide&#8221; animation_direction=&#8221;left&#8221; global_colors_info=&#8221;{}&#8221;][et_pb_image src=&#8221;https:\/\/hotel-la-belle-aude.com\/wp-content\/uploads\/2025\/06\/hotel-la-belle-aude-.jpg&#8221; alt=&#8221;hotel-la-belle-aude-&#8221; title_text=&#8221;hotel-la-belle-aude-&#8221; align_tablet=&#8221;center&#8221; align_phone=&#8221;center&#8221; align_last_edited=&#8221;on|tablet&#8221; _builder_version=&#8221;4.27.4&#8243; _module_preset=&#8221;default&#8221; border_width_all=&#8221;2px&#8221; border_color_all=&#8221;#ededed&#8221; box_shadow_style=&#8221;preset1&#8243; box_shadow_vertical=&#8221;0px&#8221; box_shadow_blur=&#8221;14px&#8221; box_shadow_spread=&#8221;-5px&#8221; box_shadow_color=&#8221;rgba(0,0,0,0.21)&#8221; global_colors_info=&#8221;{}&#8221;][\/et_pb_image][\/et_pb_column][et_pb_column type=&#8221;1_3&#8243; _builder_version=&#8221;4.27.4&#8243; _module_preset=&#8221;default&#8221; global_colors_info=&#8221;{}&#8221;][et_pb_image src=&#8221;https:\/\/hotel-la-belle-aude.com\/wp-content\/uploads\/2025\/06\/hotel-la-belle-aude-4.jpg&#8221; alt=&#8221;hotel-la-belle-aude-4&#8243; title_text=&#8221;hotel-la-belle-aude-4&#8243; align_tablet=&#8221;center&#8221; align_phone=&#8221;center&#8221; align_last_edited=&#8221;on|tablet&#8221; _builder_version=&#8221;4.27.4&#8243; _module_preset=&#8221;default&#8221; border_width_all=&#8221;2px&#8221; border_color_all=&#8221;#ededed&#8221; box_shadow_style=&#8221;preset1&#8243; box_shadow_vertical=&#8221;0px&#8221; box_shadow_blur=&#8221;14px&#8221; box_shadow_spread=&#8221;-5px&#8221; box_shadow_color=&#8221;rgba(0,0,0,0.21)&#8221; global_colors_info=&#8221;{}&#8221;][\/et_pb_image][\/et_pb_column][et_pb_column type=&#8221;1_3&#8243; _builder_version=&#8221;4.27.4&#8243; _module_preset=&#8221;default&#8221; animation_style=&#8221;slide&#8221; animation_direction=&#8221;right&#8221; global_colors_info=&#8221;{}&#8221;][et_pb_image src=&#8221;https:\/\/hotel-la-belle-aude.com\/wp-content\/uploads\/2025\/06\/hotel-la-belle-aude-8.jpg&#8221; alt=&#8221;hotel-la-belle-aude-8&#8243; title_text=&#8221;hotel-la-belle-aude-8&#8243; align_tablet=&#8221;center&#8221; align_phone=&#8221;center&#8221; align_last_edited=&#8221;on|tablet&#8221; _builder_version=&#8221;4.27.4&#8243; _module_preset=&#8221;default&#8221; border_width_all=&#8221;2px&#8221; border_color_all=&#8221;#ededed&#8221; box_shadow_style=&#8221;preset1&#8243; box_shadow_vertical=&#8221;0px&#8221; box_shadow_blur=&#8221;14px&#8221; box_shadow_spread=&#8221;-5px&#8221; box_shadow_color=&#8221;rgba(0,0,0,0.21)&#8221; global_colors_info=&#8221;{}&#8221;][\/et_pb_image][\/et_pb_column][\/et_pb_row][et_pb_row column_structure=&#8221;1_3,1_3,1_3&#8243; admin_label=&#8221;Galerie photos&#8221; _builder_version=&#8221;4.27.4&#8243; _module_preset=&#8221;default&#8221; width_tablet=&#8221;90%&#8221; width_phone=&#8221;90%&#8221; width_last_edited=&#8221;on|tablet&#8221; global_colors_info=&#8221;{}&#8221;][et_pb_column type=&#8221;1_3&#8243; _builder_version=&#8221;4.27.4&#8243; _module_preset=&#8221;default&#8221; animation_style=&#8221;slide&#8221; animation_direction=&#8221;left&#8221; global_colors_info=&#8221;{}&#8221;][et_pb_image src=&#8221;https:\/\/hotel-la-belle-aude.com\/wp-content\/uploads\/2025\/06\/hotel-la-belle-aude-1.jpg&#8221; alt=&#8221;hotel-la-belle-aude-1&#8243; title_text=&#8221;hotel-la-belle-aude-1&#8243; align_tablet=&#8221;center&#8221; align_phone=&#8221;center&#8221; align_last_edited=&#8221;on|tablet&#8221; _builder_version=&#8221;4.27.4&#8243; _module_preset=&#8221;default&#8221; border_width_all=&#8221;2px&#8221; border_color_all=&#8221;#ededed&#8221; box_shadow_style=&#8221;preset1&#8243; box_shadow_vertical=&#8221;0px&#8221; box_shadow_blur=&#8221;14px&#8221; box_shadow_spread=&#8221;-5px&#8221; box_shadow_color=&#8221;rgba(0,0,0,0.21)&#8221; global_colors_info=&#8221;{}&#8221;][\/et_pb_image][\/et_pb_column][et_pb_column type=&#8221;1_3&#8243; _builder_version=&#8221;4.27.4&#8243; _module_preset=&#8221;default&#8221; global_colors_info=&#8221;{}&#8221;][et_pb_image src=&#8221;https:\/\/hotel-la-belle-aude.com\/wp-content\/uploads\/2025\/06\/hotel-la-belle-aude-5.jpg&#8221; alt=&#8221;hotel-la-belle-aude-5&#8243; title_text=&#8221;hotel-la-belle-aude-5&#8243; align_tablet=&#8221;center&#8221; align_phone=&#8221;center&#8221; align_last_edited=&#8221;on|tablet&#8221; _builder_version=&#8221;4.27.4&#8243; _module_preset=&#8221;default&#8221; border_width_all=&#8221;2px&#8221; border_color_all=&#8221;#ededed&#8221; box_shadow_style=&#8221;preset1&#8243; box_shadow_vertical=&#8221;0px&#8221; box_shadow_blur=&#8221;14px&#8221; box_shadow_spread=&#8221;-5px&#8221; box_shadow_color=&#8221;rgba(0,0,0,0.21)&#8221; global_colors_info=&#8221;{}&#8221;][\/et_pb_image][\/et_pb_column][et_pb_column type=&#8221;1_3&#8243; _builder_version=&#8221;4.27.4&#8243; _module_preset=&#8221;default&#8221; animation_style=&#8221;slide&#8221; animation_direction=&#8221;right&#8221; global_colors_info=&#8221;{}&#8221;][et_pb_image src=&#8221;https:\/\/hotel-la-belle-aude.com\/wp-content\/uploads\/2025\/06\/hotel-la-belle-aude10.jpg&#8221; alt=&#8221;hotel-la-belle-aude10&#8243; title_text=&#8221;hotel-la-belle-aude10&#8243; align_tablet=&#8221;center&#8221; align_phone=&#8221;center&#8221; align_last_edited=&#8221;on|tablet&#8221; _builder_version=&#8221;4.27.4&#8243; _module_preset=&#8221;default&#8221; border_width_all=&#8221;2px&#8221; border_color_all=&#8221;#ededed&#8221; box_shadow_style=&#8221;preset1&#8243; box_shadow_vertical=&#8221;0px&#8221; box_shadow_blur=&#8221;14px&#8221; box_shadow_spread=&#8221;-5px&#8221; box_shadow_color=&#8221;rgba(0,0,0,0.21)&#8221; global_colors_info=&#8221;{}&#8221;][\/et_pb_image][\/et_pb_column][\/et_pb_row][\/et_pb_section]<\/p>\n","protected":false},"excerpt":{"rendered":"<p>Come and enjoy Catalan specialties at the La Belle Aude restaurant.It is with a glass of Muscat, accompanied by a platter of Catalan charcuterie, that you will be welcomed&#8230;We invite you to come and taste Catalan specialties as well as wood-fired grills&#8230;Reservation is recommended! The table at La Belle Aude is a place of conviviality [&hellip;]<\/p>\n","protected":false},"author":6,"featured_media":0,"parent":0,"menu_order":0,"comment_status":"closed","ping_status":"closed","template":"","meta":{"_acf_changed":false,"_et_pb_use_builder":"on","_et_pb_old_content":"","_et_gb_content_width":"","footnotes":""},"class_list":["post-2067","page","type-page","status-publish","hentry"],"acf":[],"yoast_head":"<!-- This site is optimized with the Yoast SEO plugin v27.5 - https:\/\/yoast.com\/product\/yoast-seo-wordpress\/ -->\n<title>Restaurant - Hotel La Belle Aude<\/title>\n<meta name=\"robots\" content=\"index, follow, max-snippet:-1, max-image-preview:large, max-video-preview:-1\" \/>\n<link rel=\"canonical\" href=\"https:\/\/hotel-la-belle-aude.com\/en\/restaurant\/\" \/>\n<meta property=\"og:locale\" content=\"en_US\" \/>\n<meta property=\"og:type\" content=\"article\" \/>\n<meta property=\"og:title\" content=\"Restaurant - Hotel La Belle Aude\" \/>\n<meta property=\"og:description\" content=\"Come and enjoy Catalan specialties at the La Belle Aude restaurant.It is with a glass of Muscat, accompanied by a platter of Catalan charcuterie, that you will be welcomed...We invite you to come and taste Catalan specialties as well as wood-fired grills...Reservation is recommended! The table at La Belle Aude is a place of conviviality [&hellip;]\" \/>\n<meta property=\"og:url\" content=\"https:\/\/hotel-la-belle-aude.com\/en\/restaurant\/\" \/>\n<meta property=\"og:site_name\" content=\"Hotel La Belle Aude\" \/>\n<meta property=\"article:modified_time\" content=\"2025-06-11T13:44:00+00:00\" \/>\n<meta name=\"twitter:card\" content=\"summary_large_image\" \/>\n<script type=\"application\/ld+json\" class=\"yoast-schema-graph\">{\"@context\":\"https:\\\/\\\/schema.org\",\"@graph\":[{\"@type\":\"WebPage\",\"@id\":\"https:\\\/\\\/hotel-la-belle-aude.com\\\/en\\\/restaurant\\\/\",\"url\":\"https:\\\/\\\/hotel-la-belle-aude.com\\\/en\\\/restaurant\\\/\",\"name\":\"Restaurant - Hotel La Belle Aude\",\"isPartOf\":{\"@id\":\"https:\\\/\\\/hotel-la-belle-aude.com\\\/#website\"},\"datePublished\":\"2025-06-02T15:29:29+00:00\",\"dateModified\":\"2025-06-11T13:44:00+00:00\",\"breadcrumb\":{\"@id\":\"https:\\\/\\\/hotel-la-belle-aude.com\\\/en\\\/restaurant\\\/#breadcrumb\"},\"inLanguage\":\"en-US\",\"potentialAction\":[{\"@type\":\"ReadAction\",\"target\":[\"https:\\\/\\\/hotel-la-belle-aude.com\\\/en\\\/restaurant\\\/\"]}]},{\"@type\":\"BreadcrumbList\",\"@id\":\"https:\\\/\\\/hotel-la-belle-aude.com\\\/en\\\/restaurant\\\/#breadcrumb\",\"itemListElement\":[{\"@type\":\"ListItem\",\"position\":1,\"name\":\"Accueil\",\"item\":\"https:\\\/\\\/hotel-la-belle-aude.com\\\/en\\\/home\\\/\"},{\"@type\":\"ListItem\",\"position\":2,\"name\":\"Restaurant\"}]},{\"@type\":\"WebSite\",\"@id\":\"https:\\\/\\\/hotel-la-belle-aude.com\\\/#website\",\"url\":\"https:\\\/\\\/hotel-la-belle-aude.com\\\/\",\"name\":\"Hotel La Belle Aude\",\"description\":\"H\u00f4tel Auberge \u00e0 Matemale (66)\",\"potentialAction\":[{\"@type\":\"SearchAction\",\"target\":{\"@type\":\"EntryPoint\",\"urlTemplate\":\"https:\\\/\\\/hotel-la-belle-aude.com\\\/?s={search_term_string}\"},\"query-input\":{\"@type\":\"PropertyValueSpecification\",\"valueRequired\":true,\"valueName\":\"search_term_string\"}}],\"inLanguage\":\"en-US\"}]}<\/script>\n<!-- \/ Yoast SEO plugin. -->","yoast_head_json":{"title":"Restaurant - Hotel La Belle Aude","robots":{"index":"index","follow":"follow","max-snippet":"max-snippet:-1","max-image-preview":"max-image-preview:large","max-video-preview":"max-video-preview:-1"},"canonical":"https:\/\/hotel-la-belle-aude.com\/en\/restaurant\/","og_locale":"en_US","og_type":"article","og_title":"Restaurant - Hotel La Belle Aude","og_description":"Come and enjoy Catalan specialties at the La Belle Aude restaurant.It is with a glass of Muscat, accompanied by a platter of Catalan charcuterie, that you will be welcomed...We invite you to come and taste Catalan specialties as well as wood-fired grills...Reservation is recommended! The table at La Belle Aude is a place of conviviality [&hellip;]","og_url":"https:\/\/hotel-la-belle-aude.com\/en\/restaurant\/","og_site_name":"Hotel La Belle Aude","article_modified_time":"2025-06-11T13:44:00+00:00","twitter_card":"summary_large_image","schema":{"@context":"https:\/\/schema.org","@graph":[{"@type":"WebPage","@id":"https:\/\/hotel-la-belle-aude.com\/en\/restaurant\/","url":"https:\/\/hotel-la-belle-aude.com\/en\/restaurant\/","name":"Restaurant - Hotel La Belle Aude","isPartOf":{"@id":"https:\/\/hotel-la-belle-aude.com\/#website"},"datePublished":"2025-06-02T15:29:29+00:00","dateModified":"2025-06-11T13:44:00+00:00","breadcrumb":{"@id":"https:\/\/hotel-la-belle-aude.com\/en\/restaurant\/#breadcrumb"},"inLanguage":"en-US","potentialAction":[{"@type":"ReadAction","target":["https:\/\/hotel-la-belle-aude.com\/en\/restaurant\/"]}]},{"@type":"BreadcrumbList","@id":"https:\/\/hotel-la-belle-aude.com\/en\/restaurant\/#breadcrumb","itemListElement":[{"@type":"ListItem","position":1,"name":"Accueil","item":"https:\/\/hotel-la-belle-aude.com\/en\/home\/"},{"@type":"ListItem","position":2,"name":"Restaurant"}]},{"@type":"WebSite","@id":"https:\/\/hotel-la-belle-aude.com\/#website","url":"https:\/\/hotel-la-belle-aude.com\/","name":"Hotel La Belle Aude","description":"H\u00f4tel Auberge \u00e0 Matemale (66)","potentialAction":[{"@type":"SearchAction","target":{"@type":"EntryPoint","urlTemplate":"https:\/\/hotel-la-belle-aude.com\/?s={search_term_string}"},"query-input":{"@type":"PropertyValueSpecification","valueRequired":true,"valueName":"search_term_string"}}],"inLanguage":"en-US"}]}},"_links":{"self":[{"href":"https:\/\/hotel-la-belle-aude.com\/en\/wp-json\/wp\/v2\/pages\/2067","targetHints":{"allow":["GET"]}}],"collection":[{"href":"https:\/\/hotel-la-belle-aude.com\/en\/wp-json\/wp\/v2\/pages"}],"about":[{"href":"https:\/\/hotel-la-belle-aude.com\/en\/wp-json\/wp\/v2\/types\/page"}],"author":[{"embeddable":true,"href":"https:\/\/hotel-la-belle-aude.com\/en\/wp-json\/wp\/v2\/users\/6"}],"replies":[{"embeddable":true,"href":"https:\/\/hotel-la-belle-aude.com\/en\/wp-json\/wp\/v2\/comments?post=2067"}],"version-history":[{"count":3,"href":"https:\/\/hotel-la-belle-aude.com\/en\/wp-json\/wp\/v2\/pages\/2067\/revisions"}],"predecessor-version":[{"id":2205,"href":"https:\/\/hotel-la-belle-aude.com\/en\/wp-json\/wp\/v2\/pages\/2067\/revisions\/2205"}],"wp:attachment":[{"href":"https:\/\/hotel-la-belle-aude.com\/en\/wp-json\/wp\/v2\/media?parent=2067"}],"curies":[{"name":"wp","href":"https:\/\/api.w.org\/{rel}","templated":true}]}}