{"id":2060,"date":"2023-02-15T09:58:59","date_gmt":"2023-02-15T08:58:59","guid":{"rendered":"https:\/\/hotel-belle-aude.axeinternet.dev\/informacion-legal\/"},"modified":"2025-06-10T15:39:00","modified_gmt":"2025-06-10T14:39:00","slug":"informacion-legal","status":"publish","type":"page","link":"https:\/\/hotel-la-belle-aude.com\/es\/informacion-legal\/","title":{"rendered":"Informaci\u00f3n legal"},"content":{"rendered":"<p>La empresa  ha abierto el sitio web  (accesible en esta direcci\u00f3n: )<\/p>\n<p>El uso del Sitio implica el cumplimiento de los t\u00e9rminos de estas condiciones de uso. Al acceder al Sitio, cualquier usuario de Internet que navegue por el Sitio declara que ha le\u00eddo y acepta las siguientes reservas. <\/p>\n<p>Se puede acceder al Sitio en la siguiente direcci\u00f3n URL: . El editor del Sitio es la empresa , con un capital de \u20ac, registrada con el n\u00famero , con domicilio social en :<br \/>\n<\/p>\n<p>, representado por .<\/p>\n<p>El Sitio Web es desarrollado por AxeInternet, sociedad con capital social de 30.000 euros, inscrita en el Registro de Comercio y Sociedades de Perpi\u00f1\u00e1n con el n\u00famero 407 836 089 000 42, cuyo domicilio social se encuentra en 70 av Alfred Kastler<br \/>\n66100 Perpi\u00f1\u00e1n &#8211; Francia.<\/p>\n<p>Anfitri\u00f3n : AxeInternet<br \/>\n70 av Alfred Kastler &#8211; Perpignan<br \/>\n66100 Perpignan &#8211; Francia<\/p>\n","protected":false},"excerpt":{"rendered":"<p>La empresa ha abierto el sitio web (accesible en esta direcci\u00f3n: ) El uso del Sitio implica el cumplimiento de los t\u00e9rminos de estas condiciones de uso. Al acceder al Sitio, cualquier usuario de Internet que navegue por el Sitio declara que ha le\u00eddo y acepta las siguientes reservas. Se puede acceder al Sitio en [&hellip;]<\/p>\n","protected":false},"author":1,"featured_media":0,"parent":0,"menu_order":0,"comment_status":"closed","ping_status":"closed","template":"","meta":{"_acf_changed":false,"_et_pb_use_builder":"","_et_pb_old_content":"","_et_gb_content_width":"","footnotes":""},"class_list":["post-2060","page","type-page","status-publish","hentry"],"acf":[],"yoast_head":"<!-- This site is optimized with the Yoast SEO plugin v27.5 - https:\/\/yoast.com\/product\/yoast-seo-wordpress\/ -->\n<title>Informaci\u00f3n legal - Hotel La Belle Aude<\/title>\n<meta name=\"robots\" content=\"index, follow, max-snippet:-1, max-image-preview:large, max-video-preview:-1\" \/>\n<link rel=\"canonical\" href=\"https:\/\/hotel-la-belle-aude.com\/es\/informacion-legal\/\" \/>\n<meta property=\"og:locale\" content=\"es_ES\" \/>\n<meta property=\"og:type\" content=\"article\" \/>\n<meta property=\"og:title\" content=\"Informaci\u00f3n legal - Hotel La Belle Aude\" \/>\n<meta property=\"og:description\" content=\"La empresa ha abierto el sitio web (accesible en esta direcci\u00f3n: ) El uso del Sitio implica el cumplimiento de los t\u00e9rminos de estas condiciones de uso. Al acceder al Sitio, cualquier usuario de Internet que navegue por el Sitio declara que ha le\u00eddo y acepta las siguientes reservas. Se puede acceder al Sitio en [&hellip;]\" \/>\n<meta property=\"og:url\" content=\"https:\/\/hotel-la-belle-aude.com\/es\/informacion-legal\/\" \/>\n<meta property=\"og:site_name\" content=\"Hotel La Belle Aude\" \/>\n<meta property=\"article:modified_time\" content=\"2025-06-10T14:39:00+00:00\" \/>\n<meta name=\"twitter:card\" content=\"summary_large_image\" \/>\n<script type=\"application\/ld+json\" class=\"yoast-schema-graph\">{\"@context\":\"https:\\\/\\\/schema.org\",\"@graph\":[{\"@type\":\"WebPage\",\"@id\":\"https:\\\/\\\/hotel-la-belle-aude.com\\\/es\\\/informacion-legal\\\/\",\"url\":\"https:\\\/\\\/hotel-la-belle-aude.com\\\/es\\\/informacion-legal\\\/\",\"name\":\"Informaci\u00f3n legal - Hotel La Belle Aude\",\"isPartOf\":{\"@id\":\"https:\\\/\\\/hotel-la-belle-aude.com\\\/#website\"},\"datePublished\":\"2023-02-15T08:58:59+00:00\",\"dateModified\":\"2025-06-10T14:39:00+00:00\",\"breadcrumb\":{\"@id\":\"https:\\\/\\\/hotel-la-belle-aude.com\\\/es\\\/informacion-legal\\\/#breadcrumb\"},\"inLanguage\":\"es\",\"potentialAction\":[{\"@type\":\"ReadAction\",\"target\":[\"https:\\\/\\\/hotel-la-belle-aude.com\\\/es\\\/informacion-legal\\\/\"]}]},{\"@type\":\"BreadcrumbList\",\"@id\":\"https:\\\/\\\/hotel-la-belle-aude.com\\\/es\\\/informacion-legal\\\/#breadcrumb\",\"itemListElement\":[{\"@type\":\"ListItem\",\"position\":1,\"name\":\"Accueil\",\"item\":\"https:\\\/\\\/hotel-la-belle-aude.com\\\/es\\\/inicio\\\/\"},{\"@type\":\"ListItem\",\"position\":2,\"name\":\"Informaci\u00f3n legal\"}]},{\"@type\":\"WebSite\",\"@id\":\"https:\\\/\\\/hotel-la-belle-aude.com\\\/#website\",\"url\":\"https:\\\/\\\/hotel-la-belle-aude.com\\\/\",\"name\":\"Hotel La Belle Aude\",\"description\":\"H\u00f4tel Auberge \u00e0 Matemale (66)\",\"potentialAction\":[{\"@type\":\"SearchAction\",\"target\":{\"@type\":\"EntryPoint\",\"urlTemplate\":\"https:\\\/\\\/hotel-la-belle-aude.com\\\/?s={search_term_string}\"},\"query-input\":{\"@type\":\"PropertyValueSpecification\",\"valueRequired\":true,\"valueName\":\"search_term_string\"}}],\"inLanguage\":\"es\"}]}<\/script>\n<!-- \/ Yoast SEO plugin. -->","yoast_head_json":{"title":"Informaci\u00f3n legal - Hotel La Belle Aude","robots":{"index":"index","follow":"follow","max-snippet":"max-snippet:-1","max-image-preview":"max-image-preview:large","max-video-preview":"max-video-preview:-1"},"canonical":"https:\/\/hotel-la-belle-aude.com\/es\/informacion-legal\/","og_locale":"es_ES","og_type":"article","og_title":"Informaci\u00f3n legal - Hotel La Belle Aude","og_description":"La empresa ha abierto el sitio web (accesible en esta direcci\u00f3n: ) El uso del Sitio implica el cumplimiento de los t\u00e9rminos de estas condiciones de uso. Al acceder al Sitio, cualquier usuario de Internet que navegue por el Sitio declara que ha le\u00eddo y acepta las siguientes reservas. Se puede acceder al Sitio en [&hellip;]","og_url":"https:\/\/hotel-la-belle-aude.com\/es\/informacion-legal\/","og_site_name":"Hotel La Belle Aude","article_modified_time":"2025-06-10T14:39:00+00:00","twitter_card":"summary_large_image","schema":{"@context":"https:\/\/schema.org","@graph":[{"@type":"WebPage","@id":"https:\/\/hotel-la-belle-aude.com\/es\/informacion-legal\/","url":"https:\/\/hotel-la-belle-aude.com\/es\/informacion-legal\/","name":"Informaci\u00f3n legal - Hotel La Belle Aude","isPartOf":{"@id":"https:\/\/hotel-la-belle-aude.com\/#website"},"datePublished":"2023-02-15T08:58:59+00:00","dateModified":"2025-06-10T14:39:00+00:00","breadcrumb":{"@id":"https:\/\/hotel-la-belle-aude.com\/es\/informacion-legal\/#breadcrumb"},"inLanguage":"es","potentialAction":[{"@type":"ReadAction","target":["https:\/\/hotel-la-belle-aude.com\/es\/informacion-legal\/"]}]},{"@type":"BreadcrumbList","@id":"https:\/\/hotel-la-belle-aude.com\/es\/informacion-legal\/#breadcrumb","itemListElement":[{"@type":"ListItem","position":1,"name":"Accueil","item":"https:\/\/hotel-la-belle-aude.com\/es\/inicio\/"},{"@type":"ListItem","position":2,"name":"Informaci\u00f3n legal"}]},{"@type":"WebSite","@id":"https:\/\/hotel-la-belle-aude.com\/#website","url":"https:\/\/hotel-la-belle-aude.com\/","name":"Hotel La Belle Aude","description":"H\u00f4tel Auberge \u00e0 Matemale (66)","potentialAction":[{"@type":"SearchAction","target":{"@type":"EntryPoint","urlTemplate":"https:\/\/hotel-la-belle-aude.com\/?s={search_term_string}"},"query-input":{"@type":"PropertyValueSpecification","valueRequired":true,"valueName":"search_term_string"}}],"inLanguage":"es"}]}},"_links":{"self":[{"href":"https:\/\/hotel-la-belle-aude.com\/es\/wp-json\/wp\/v2\/pages\/2060","targetHints":{"allow":["GET"]}}],"collection":[{"href":"https:\/\/hotel-la-belle-aude.com\/es\/wp-json\/wp\/v2\/pages"}],"about":[{"href":"https:\/\/hotel-la-belle-aude.com\/es\/wp-json\/wp\/v2\/types\/page"}],"author":[{"embeddable":true,"href":"https:\/\/hotel-la-belle-aude.com\/es\/wp-json\/wp\/v2\/users\/1"}],"replies":[{"embeddable":true,"href":"https:\/\/hotel-la-belle-aude.com\/es\/wp-json\/wp\/v2\/comments?post=2060"}],"version-history":[{"count":1,"href":"https:\/\/hotel-la-belle-aude.com\/es\/wp-json\/wp\/v2\/pages\/2060\/revisions"}],"predecessor-version":[{"id":2089,"href":"https:\/\/hotel-la-belle-aude.com\/es\/wp-json\/wp\/v2\/pages\/2060\/revisions\/2089"}],"wp:attachment":[{"href":"https:\/\/hotel-la-belle-aude.com\/es\/wp-json\/wp\/v2\/media?parent=2060"}],"curies":[{"name":"wp","href":"https:\/\/api.w.org\/{rel}","templated":true}]}}