{"id":2066,"date":"2025-06-02T16:29:29","date_gmt":"2025-06-02T15:29:29","guid":{"rendered":"https:\/\/hotel-belle-aude.axeinternet.dev\/restaurante\/"},"modified":"2025-06-11T14:43:05","modified_gmt":"2025-06-11T13:43:05","slug":"restaurante","status":"publish","type":"page","link":"https:\/\/hotel-la-belle-aude.com\/es\/restaurante\/","title":{"rendered":"Restaurante"},"content":{"rendered":"<p>[et_pb_section fb_built=\u00bb1&#8243; _builder_version=\u00bb4.27.4&#8243; _module_preset=\u00bbdefault\u00bb global_colors_info=\u00bb{}\u00bb][et_pb_row _builder_version=\u00bb4.27.4&#8243; _module_preset=\u00bbdefault\u00bb width_tablet=\u00bb90%\u00bb width_phone=\u00bb90%\u00bb width_last_edited=\u00bbon|tablet\u00bb global_colors_info=\u00bb{}\u00bb][et_pb_column type=\u00bb4_4&#8243; _builder_version=\u00bb4.27.4&#8243; _module_preset=\u00bbdefault\u00bb global_colors_info=\u00bb{}\u00bb][et_pb_text admin_label=\u00bbVenez d\u00e9guster les sp\u00e9cialit\u00e9s catalanes au restaurant La Belle Aude.\u00bb _builder_version=\u00bb4.27.4&#8243; _module_preset=\u00bbdefault\u00bb custom_margin=\u00bb||20px||false|false\u00bb global_colors_info=\u00bb{}\u00bb]Venga a degustar las especialidades catalanas en el restaurante La Belle Aude.[\/et_pb_text][et_pb_heading title=\u00bbUna estancia gourmet en todas las estaciones.\u00bb admin_label=\u00bbUn s\u00e9jour gourmand en toutes saisons.\u00bb _builder_version=\u00bb4.27.4&#8243; _module_preset=\u00bbdefault\u00bb title_level=\u00bbh3&#8243; title_font=\u00bb|600|||||||\u00bb title_font_size=\u00bb18px\u00bb custom_margin=\u00bb||0px||false|false\u00bb global_colors_info=\u00bb{}\u00bb][\/et_pb_heading][et_pb_text admin_label=\u00bbC&#8217;est par un verre de muscat&#8230;\u00bb _builder_version=\u00bb4.27.4&#8243; _module_preset=\u00bbdefault\u00bb custom_margin=\u00bb||20px||false|false\u00bb global_colors_info=\u00bb{}\u00bb]Es con una copa de Moscatel, acompa\u00f1ada de una tabla de embutidos catalanes, como ser\u00e1n recibidos&#8230;[\/et_pb_text][et_pb_text admin_label=\u00bbNous vous proposons de&#8230;\u00bb _builder_version=\u00bb4.27.4&#8243; _module_preset=\u00bbdefault\u00bb custom_margin=\u00bb||20px||false|false\u00bb global_colors_info=\u00bb{}\u00bb]Le invitamos a venir a degustar las especialidades catalanas as\u00ed como las parrillas a le\u00f1a&#8230;[\/et_pb_text][et_pb_text admin_label=\u00bbLa r\u00e9servation est conseill\u00e9e !\u00bb _builder_version=\u00bb4.27.4&#8243; _module_preset=\u00bbdefault\u00bb custom_margin=\u00bb||20px||false|false\u00bb global_colors_info=\u00bb{}\u00bb]\u00a1Se recomienda hacer una reserva! La mesa de La Belle Aude es un lugar de convivialidad conocido por su renombrada cocina.[\/et_pb_text][\/et_pb_column][\/et_pb_row][et_pb_row column_structure=\u00bb1_3,1_3,1_3&#8243; admin_label=\u00bbGalerie photos\u00bb _builder_version=\u00bb4.27.4&#8243; _module_preset=\u00bbdefault\u00bb width_tablet=\u00bb90%\u00bb width_phone=\u00bb90%\u00bb width_last_edited=\u00bbon|tablet\u00bb global_colors_info=\u00bb{}\u00bb][et_pb_column type=\u00bb1_3&#8243; _builder_version=\u00bb4.27.4&#8243; _module_preset=\u00bbdefault\u00bb animation_style=\u00bbslide\u00bb animation_direction=\u00bbleft\u00bb global_colors_info=\u00bb{}\u00bb][et_pb_image src=\u00bbhttps:\/\/hotel-la-belle-aude.com\/wp-content\/uploads\/2025\/06\/3hotel-la-belle-aude2.jpg\u00bb alt=\u00bbrestaurant-la-belle-aude2&#8243; title_text=\u00bbrestaurant-la-belle-aude2&#8243; align_tablet=\u00bbcenter\u00bb align_phone=\u00bbcenter\u00bb align_last_edited=\u00bbon|tablet\u00bb _builder_version=\u00bb4.27.4&#8243; _module_preset=\u00bbdefault\u00bb border_width_all=\u00bb2px\u00bb border_color_all=\u00bb#ededed\u00bb box_shadow_style=\u00bbpreset1&#8243; box_shadow_vertical=\u00bb0px\u00bb box_shadow_blur=\u00bb14px\u00bb box_shadow_spread=\u00bb-5px\u00bb box_shadow_color=\u00bbrgba(0,0,0,0.21)\u00bb global_colors_info=\u00bb{}\u00bb][\/et_pb_image][\/et_pb_column][et_pb_column type=\u00bb1_3&#8243; _builder_version=\u00bb4.27.4&#8243; _module_preset=\u00bbdefault\u00bb global_colors_info=\u00bb{}\u00bb][et_pb_image src=\u00bbhttps:\/\/hotel-la-belle-aude.com\/wp-content\/uploads\/2025\/06\/hotel-la-belle-aude-2.jpg\u00bb alt=\u00bbrestaurant-la-belle-aude-2&#8243; title_text=\u00bbrestaurant-la-belle-aude-2&#8243; align_tablet=\u00bbcenter\u00bb align_phone=\u00bbcenter\u00bb align_last_edited=\u00bbon|tablet\u00bb _builder_version=\u00bb4.27.4&#8243; _module_preset=\u00bbdefault\u00bb border_width_all=\u00bb2px\u00bb border_color_all=\u00bb#ededed\u00bb box_shadow_style=\u00bbpreset1&#8243; box_shadow_vertical=\u00bb0px\u00bb box_shadow_blur=\u00bb14px\u00bb box_shadow_spread=\u00bb-5px\u00bb box_shadow_color=\u00bbrgba(0,0,0,0.21)\u00bb global_colors_info=\u00bb{}\u00bb][\/et_pb_image][\/et_pb_column][et_pb_column type=\u00bb1_3&#8243; _builder_version=\u00bb4.27.4&#8243; _module_preset=\u00bbdefault\u00bb animation_style=\u00bbslide\u00bb animation_direction=\u00bbright\u00bb global_colors_info=\u00bb{}\u00bb][et_pb_image src=\u00bbhttps:\/\/hotel-la-belle-aude.com\/wp-content\/uploads\/2025\/06\/hotel-la-belle-aude-7.jpg\u00bb alt=\u00bbrestaurant-la-belle-aude-7&#8243; title_text=\u00bbrestaurant-la-belle-aude-7&#8243; align_tablet=\u00bbcenter\u00bb align_phone=\u00bbcenter\u00bb align_last_edited=\u00bbon|tablet\u00bb _builder_version=\u00bb4.27.4&#8243; _module_preset=\u00bbdefault\u00bb border_width_all=\u00bb2px\u00bb border_color_all=\u00bb#ededed\u00bb box_shadow_style=\u00bbpreset1&#8243; box_shadow_vertical=\u00bb0px\u00bb box_shadow_blur=\u00bb14px\u00bb box_shadow_spread=\u00bb-5px\u00bb box_shadow_color=\u00bbrgba(0,0,0,0.21)\u00bb global_colors_info=\u00bb{}\u00bb][\/et_pb_image][\/et_pb_column][\/et_pb_row][et_pb_row column_structure=\u00bb1_3,1_3,1_3&#8243; admin_label=\u00bbGalerie photos\u00bb _builder_version=\u00bb4.27.4&#8243; _module_preset=\u00bbdefault\u00bb width_tablet=\u00bb90%\u00bb width_phone=\u00bb90%\u00bb width_last_edited=\u00bbon|tablet\u00bb global_colors_info=\u00bb{}\u00bb][et_pb_column type=\u00bb1_3&#8243; _builder_version=\u00bb4.27.4&#8243; _module_preset=\u00bbdefault\u00bb animation_style=\u00bbslide\u00bb animation_direction=\u00bbleft\u00bb global_colors_info=\u00bb{}\u00bb][et_pb_image src=\u00bbhttps:\/\/hotel-la-belle-aude.com\/wp-content\/uploads\/2025\/06\/hotel-la-belle-aude-.jpg\u00bb alt=\u00bbhotel-la-belle-aude-\u00bb title_text=\u00bbhotel-la-belle-aude-\u00bb align_tablet=\u00bbcenter\u00bb align_phone=\u00bbcenter\u00bb align_last_edited=\u00bbon|tablet\u00bb _builder_version=\u00bb4.27.4&#8243; _module_preset=\u00bbdefault\u00bb border_width_all=\u00bb2px\u00bb border_color_all=\u00bb#ededed\u00bb box_shadow_style=\u00bbpreset1&#8243; box_shadow_vertical=\u00bb0px\u00bb box_shadow_blur=\u00bb14px\u00bb box_shadow_spread=\u00bb-5px\u00bb box_shadow_color=\u00bbrgba(0,0,0,0.21)\u00bb global_colors_info=\u00bb{}\u00bb][\/et_pb_image][\/et_pb_column][et_pb_column type=\u00bb1_3&#8243; _builder_version=\u00bb4.27.4&#8243; _module_preset=\u00bbdefault\u00bb global_colors_info=\u00bb{}\u00bb][et_pb_image src=\u00bbhttps:\/\/hotel-la-belle-aude.com\/wp-content\/uploads\/2025\/06\/hotel-la-belle-aude-4.jpg\u00bb alt=\u00bbhotel-la-belle-aude-4&#8243; title_text=\u00bbhotel-la-belle-aude-4&#8243; align_tablet=\u00bbcenter\u00bb align_phone=\u00bbcenter\u00bb align_last_edited=\u00bbon|tablet\u00bb _builder_version=\u00bb4.27.4&#8243; _module_preset=\u00bbdefault\u00bb border_width_all=\u00bb2px\u00bb border_color_all=\u00bb#ededed\u00bb box_shadow_style=\u00bbpreset1&#8243; box_shadow_vertical=\u00bb0px\u00bb box_shadow_blur=\u00bb14px\u00bb box_shadow_spread=\u00bb-5px\u00bb box_shadow_color=\u00bbrgba(0,0,0,0.21)\u00bb global_colors_info=\u00bb{}\u00bb][\/et_pb_image][\/et_pb_column][et_pb_column type=\u00bb1_3&#8243; _builder_version=\u00bb4.27.4&#8243; _module_preset=\u00bbdefault\u00bb animation_style=\u00bbslide\u00bb animation_direction=\u00bbright\u00bb global_colors_info=\u00bb{}\u00bb][et_pb_image src=\u00bbhttps:\/\/hotel-la-belle-aude.com\/wp-content\/uploads\/2025\/06\/hotel-la-belle-aude-8.jpg\u00bb alt=\u00bbhotel-la-belle-aude-8&#8243; title_text=\u00bbhotel-la-belle-aude-8&#8243; align_tablet=\u00bbcenter\u00bb align_phone=\u00bbcenter\u00bb align_last_edited=\u00bbon|tablet\u00bb _builder_version=\u00bb4.27.4&#8243; _module_preset=\u00bbdefault\u00bb border_width_all=\u00bb2px\u00bb border_color_all=\u00bb#ededed\u00bb box_shadow_style=\u00bbpreset1&#8243; box_shadow_vertical=\u00bb0px\u00bb box_shadow_blur=\u00bb14px\u00bb box_shadow_spread=\u00bb-5px\u00bb box_shadow_color=\u00bbrgba(0,0,0,0.21)\u00bb global_colors_info=\u00bb{}\u00bb][\/et_pb_image][\/et_pb_column][\/et_pb_row][et_pb_row column_structure=\u00bb1_3,1_3,1_3&#8243; admin_label=\u00bbGalerie photos\u00bb _builder_version=\u00bb4.27.4&#8243; _module_preset=\u00bbdefault\u00bb width_tablet=\u00bb90%\u00bb width_phone=\u00bb90%\u00bb width_last_edited=\u00bbon|tablet\u00bb global_colors_info=\u00bb{}\u00bb][et_pb_column type=\u00bb1_3&#8243; _builder_version=\u00bb4.27.4&#8243; _module_preset=\u00bbdefault\u00bb animation_style=\u00bbslide\u00bb animation_direction=\u00bbleft\u00bb global_colors_info=\u00bb{}\u00bb][et_pb_image src=\u00bbhttps:\/\/hotel-la-belle-aude.com\/wp-content\/uploads\/2025\/06\/hotel-la-belle-aude-1.jpg\u00bb alt=\u00bbhotel-la-belle-aude-1&#8243; title_text=\u00bbhotel-la-belle-aude-1&#8243; align_tablet=\u00bbcenter\u00bb align_phone=\u00bbcenter\u00bb align_last_edited=\u00bbon|tablet\u00bb _builder_version=\u00bb4.27.4&#8243; _module_preset=\u00bbdefault\u00bb border_width_all=\u00bb2px\u00bb border_color_all=\u00bb#ededed\u00bb box_shadow_style=\u00bbpreset1&#8243; box_shadow_vertical=\u00bb0px\u00bb box_shadow_blur=\u00bb14px\u00bb box_shadow_spread=\u00bb-5px\u00bb box_shadow_color=\u00bbrgba(0,0,0,0.21)\u00bb global_colors_info=\u00bb{}\u00bb][\/et_pb_image][\/et_pb_column][et_pb_column type=\u00bb1_3&#8243; _builder_version=\u00bb4.27.4&#8243; _module_preset=\u00bbdefault\u00bb global_colors_info=\u00bb{}\u00bb][et_pb_image src=\u00bbhttps:\/\/hotel-la-belle-aude.com\/wp-content\/uploads\/2025\/06\/hotel-la-belle-aude-5.jpg\u00bb alt=\u00bbhotel-la-belle-aude-5&#8243; title_text=\u00bbhotel-la-belle-aude-5&#8243; align_tablet=\u00bbcenter\u00bb align_phone=\u00bbcenter\u00bb align_last_edited=\u00bbon|tablet\u00bb _builder_version=\u00bb4.27.4&#8243; _module_preset=\u00bbdefault\u00bb border_width_all=\u00bb2px\u00bb border_color_all=\u00bb#ededed\u00bb box_shadow_style=\u00bbpreset1&#8243; box_shadow_vertical=\u00bb0px\u00bb box_shadow_blur=\u00bb14px\u00bb box_shadow_spread=\u00bb-5px\u00bb box_shadow_color=\u00bbrgba(0,0,0,0.21)\u00bb global_colors_info=\u00bb{}\u00bb][\/et_pb_image][\/et_pb_column][et_pb_column type=\u00bb1_3&#8243; _builder_version=\u00bb4.27.4&#8243; _module_preset=\u00bbdefault\u00bb animation_style=\u00bbslide\u00bb animation_direction=\u00bbright\u00bb global_colors_info=\u00bb{}\u00bb][et_pb_image src=\u00bbhttps:\/\/hotel-la-belle-aude.com\/wp-content\/uploads\/2025\/06\/hotel-la-belle-aude10.jpg\u00bb alt=\u00bbhotel-la-belle-aude10&#8243; title_text=\u00bbhotel-la-belle-aude10&#8243; align_tablet=\u00bbcenter\u00bb align_phone=\u00bbcenter\u00bb align_last_edited=\u00bbon|tablet\u00bb _builder_version=\u00bb4.27.4&#8243; _module_preset=\u00bbdefault\u00bb border_width_all=\u00bb2px\u00bb border_color_all=\u00bb#ededed\u00bb box_shadow_style=\u00bbpreset1&#8243; box_shadow_vertical=\u00bb0px\u00bb box_shadow_blur=\u00bb14px\u00bb box_shadow_spread=\u00bb-5px\u00bb box_shadow_color=\u00bbrgba(0,0,0,0.21)\u00bb global_colors_info=\u00bb{}\u00bb][\/et_pb_image][\/et_pb_column][\/et_pb_row][\/et_pb_section]<\/p>\n","protected":false},"excerpt":{"rendered":"<p>Venga a degustar las especialidades catalanas en el restaurante La Belle Aude.Es con una copa de Moscatel, acompa\u00f1ada de una tabla de embutidos catalanes, como ser\u00e1n recibidos&#8230;Le invitamos a venir a degustar las especialidades catalanas as\u00ed como las parrillas a le\u00f1a&#8230;\u00a1Se recomienda hacer una reserva! La mesa de La Belle Aude es un lugar de [&hellip;]<\/p>\n","protected":false},"author":6,"featured_media":0,"parent":0,"menu_order":0,"comment_status":"closed","ping_status":"closed","template":"","meta":{"_acf_changed":false,"_et_pb_use_builder":"on","_et_pb_old_content":"","_et_gb_content_width":"","footnotes":""},"class_list":["post-2066","page","type-page","status-publish","hentry"],"acf":[],"yoast_head":"<!-- This site is optimized with the Yoast SEO plugin v27.5 - https:\/\/yoast.com\/product\/yoast-seo-wordpress\/ -->\n<title>Restaurante - Hotel La Belle Aude<\/title>\n<meta name=\"robots\" content=\"index, follow, max-snippet:-1, max-image-preview:large, max-video-preview:-1\" \/>\n<link rel=\"canonical\" href=\"https:\/\/hotel-la-belle-aude.com\/es\/restaurante\/\" \/>\n<meta property=\"og:locale\" content=\"es_ES\" \/>\n<meta property=\"og:type\" content=\"article\" \/>\n<meta property=\"og:title\" content=\"Restaurante - Hotel La Belle Aude\" \/>\n<meta property=\"og:description\" content=\"Venga a degustar las especialidades catalanas en el restaurante La Belle Aude.Es con una copa de Moscatel, acompa\u00f1ada de una tabla de embutidos catalanes, como ser\u00e1n recibidos...Le invitamos a venir a degustar las especialidades catalanas as\u00ed como las parrillas a le\u00f1a...\u00a1Se recomienda hacer una reserva! La mesa de La Belle Aude es un lugar de [&hellip;]\" \/>\n<meta property=\"og:url\" content=\"https:\/\/hotel-la-belle-aude.com\/es\/restaurante\/\" \/>\n<meta property=\"og:site_name\" content=\"Hotel La Belle Aude\" \/>\n<meta property=\"article:modified_time\" content=\"2025-06-11T13:43:05+00:00\" \/>\n<meta name=\"twitter:card\" content=\"summary_large_image\" \/>\n<script type=\"application\/ld+json\" class=\"yoast-schema-graph\">{\"@context\":\"https:\\\/\\\/schema.org\",\"@graph\":[{\"@type\":\"WebPage\",\"@id\":\"https:\\\/\\\/hotel-la-belle-aude.com\\\/es\\\/restaurante\\\/\",\"url\":\"https:\\\/\\\/hotel-la-belle-aude.com\\\/es\\\/restaurante\\\/\",\"name\":\"Restaurante - Hotel La Belle Aude\",\"isPartOf\":{\"@id\":\"https:\\\/\\\/hotel-la-belle-aude.com\\\/#website\"},\"datePublished\":\"2025-06-02T15:29:29+00:00\",\"dateModified\":\"2025-06-11T13:43:05+00:00\",\"breadcrumb\":{\"@id\":\"https:\\\/\\\/hotel-la-belle-aude.com\\\/es\\\/restaurante\\\/#breadcrumb\"},\"inLanguage\":\"es\",\"potentialAction\":[{\"@type\":\"ReadAction\",\"target\":[\"https:\\\/\\\/hotel-la-belle-aude.com\\\/es\\\/restaurante\\\/\"]}]},{\"@type\":\"BreadcrumbList\",\"@id\":\"https:\\\/\\\/hotel-la-belle-aude.com\\\/es\\\/restaurante\\\/#breadcrumb\",\"itemListElement\":[{\"@type\":\"ListItem\",\"position\":1,\"name\":\"Accueil\",\"item\":\"https:\\\/\\\/hotel-la-belle-aude.com\\\/es\\\/inicio\\\/\"},{\"@type\":\"ListItem\",\"position\":2,\"name\":\"Restaurante\"}]},{\"@type\":\"WebSite\",\"@id\":\"https:\\\/\\\/hotel-la-belle-aude.com\\\/#website\",\"url\":\"https:\\\/\\\/hotel-la-belle-aude.com\\\/\",\"name\":\"Hotel La Belle Aude\",\"description\":\"H\u00f4tel Auberge \u00e0 Matemale (66)\",\"potentialAction\":[{\"@type\":\"SearchAction\",\"target\":{\"@type\":\"EntryPoint\",\"urlTemplate\":\"https:\\\/\\\/hotel-la-belle-aude.com\\\/?s={search_term_string}\"},\"query-input\":{\"@type\":\"PropertyValueSpecification\",\"valueRequired\":true,\"valueName\":\"search_term_string\"}}],\"inLanguage\":\"es\"}]}<\/script>\n<!-- \/ Yoast SEO plugin. -->","yoast_head_json":{"title":"Restaurante - Hotel La Belle Aude","robots":{"index":"index","follow":"follow","max-snippet":"max-snippet:-1","max-image-preview":"max-image-preview:large","max-video-preview":"max-video-preview:-1"},"canonical":"https:\/\/hotel-la-belle-aude.com\/es\/restaurante\/","og_locale":"es_ES","og_type":"article","og_title":"Restaurante - Hotel La Belle Aude","og_description":"Venga a degustar las especialidades catalanas en el restaurante La Belle Aude.Es con una copa de Moscatel, acompa\u00f1ada de una tabla de embutidos catalanes, como ser\u00e1n recibidos...Le invitamos a venir a degustar las especialidades catalanas as\u00ed como las parrillas a le\u00f1a...\u00a1Se recomienda hacer una reserva! La mesa de La Belle Aude es un lugar de [&hellip;]","og_url":"https:\/\/hotel-la-belle-aude.com\/es\/restaurante\/","og_site_name":"Hotel La Belle Aude","article_modified_time":"2025-06-11T13:43:05+00:00","twitter_card":"summary_large_image","schema":{"@context":"https:\/\/schema.org","@graph":[{"@type":"WebPage","@id":"https:\/\/hotel-la-belle-aude.com\/es\/restaurante\/","url":"https:\/\/hotel-la-belle-aude.com\/es\/restaurante\/","name":"Restaurante - Hotel La Belle Aude","isPartOf":{"@id":"https:\/\/hotel-la-belle-aude.com\/#website"},"datePublished":"2025-06-02T15:29:29+00:00","dateModified":"2025-06-11T13:43:05+00:00","breadcrumb":{"@id":"https:\/\/hotel-la-belle-aude.com\/es\/restaurante\/#breadcrumb"},"inLanguage":"es","potentialAction":[{"@type":"ReadAction","target":["https:\/\/hotel-la-belle-aude.com\/es\/restaurante\/"]}]},{"@type":"BreadcrumbList","@id":"https:\/\/hotel-la-belle-aude.com\/es\/restaurante\/#breadcrumb","itemListElement":[{"@type":"ListItem","position":1,"name":"Accueil","item":"https:\/\/hotel-la-belle-aude.com\/es\/inicio\/"},{"@type":"ListItem","position":2,"name":"Restaurante"}]},{"@type":"WebSite","@id":"https:\/\/hotel-la-belle-aude.com\/#website","url":"https:\/\/hotel-la-belle-aude.com\/","name":"Hotel La Belle Aude","description":"H\u00f4tel Auberge \u00e0 Matemale (66)","potentialAction":[{"@type":"SearchAction","target":{"@type":"EntryPoint","urlTemplate":"https:\/\/hotel-la-belle-aude.com\/?s={search_term_string}"},"query-input":{"@type":"PropertyValueSpecification","valueRequired":true,"valueName":"search_term_string"}}],"inLanguage":"es"}]}},"_links":{"self":[{"href":"https:\/\/hotel-la-belle-aude.com\/es\/wp-json\/wp\/v2\/pages\/2066","targetHints":{"allow":["GET"]}}],"collection":[{"href":"https:\/\/hotel-la-belle-aude.com\/es\/wp-json\/wp\/v2\/pages"}],"about":[{"href":"https:\/\/hotel-la-belle-aude.com\/es\/wp-json\/wp\/v2\/types\/page"}],"author":[{"embeddable":true,"href":"https:\/\/hotel-la-belle-aude.com\/es\/wp-json\/wp\/v2\/users\/6"}],"replies":[{"embeddable":true,"href":"https:\/\/hotel-la-belle-aude.com\/es\/wp-json\/wp\/v2\/comments?post=2066"}],"version-history":[{"count":3,"href":"https:\/\/hotel-la-belle-aude.com\/es\/wp-json\/wp\/v2\/pages\/2066\/revisions"}],"predecessor-version":[{"id":2203,"href":"https:\/\/hotel-la-belle-aude.com\/es\/wp-json\/wp\/v2\/pages\/2066\/revisions\/2203"}],"wp:attachment":[{"href":"https:\/\/hotel-la-belle-aude.com\/es\/wp-json\/wp\/v2\/media?parent=2066"}],"curies":[{"name":"wp","href":"https:\/\/api.w.org\/{rel}","templated":true}]}}